{"id":1771,"date":"2012-08-13T15:49:54","date_gmt":"2012-08-13T13:49:54","guid":{"rendered":"http:\/\/bsvspittal.liland.at\/?page_id=1771"},"modified":"2012-09-18T15:19:04","modified_gmt":"2012-09-18T13:19:04","slug":"leichtathletik","status":"publish","type":"page","link":"https:\/\/bsvspittal.liland.at\/?page_id=1771","title":{"rendered":"Leichtathletik"},"content":{"rendered":"<p><strong>Tiroler Leichtathletikmeisterschaft 2010\u00a0 in Wattens\/Tirol<\/strong><a href=\"http:\/\/bsvspittal.liland.at\/wp-content\/uploads\/2012\/08\/leicht3.jpg\"><img loading=\"lazy\" class=\"size-full wp-image-1861 alignright\" title=\"leicht3\" src=\"http:\/\/bsvspittal.liland.at\/wp-content\/uploads\/2012\/08\/leicht3.jpg\" alt=\"\" width=\"300\" height=\"225\" srcset=\"http:\/\/bsvspittal.liland.at\/wp-content\/uploads\/2012\/08\/leicht3.jpg 300w, http:\/\/bsvspittal.liland.at\/wp-content\/uploads\/2012\/08\/leicht3-150x112.jpg 150w\" sizes=\"(max-width: 300px) 100vw, 300px\" \/><\/a><\/p>\n<p style=\"text-align: justify;\">Die Jugendsportwoche im Bundessportheim am Faaker See und das zus\u00e4tzlich zum Schwimmtraining jeden Dienstag durchgef\u00fchrte Leichtathletiktraining tr\u00e4gt Fr\u00fcchte.<\/p>\n<p style=\"text-align: justify;\">Als ersten Test nahmen\u00a0 3 mentale\u00a0 Sportler des BSV Spittal\/Drau,\u00a0 die Jugendliche Caroline HERMANN und die in der allgemeinen Klasse startenden Seppi\u00a0 LACKNER und Markus\u00a0 OBERWINKLER,\u00a0\u00a0 in der G\u00e4steklasse an den Tiroler Leichtathletikmeisterschaften in Wattens\u00a0 teil.<\/p>\n<p style=\"text-align: justify;\">Auf Anhieb\u00a0 stellte Caroline HERMANN\u00a0 \u00fcber 100 m, 200 m, 400 m\u00a0 und im Weitsprung einen neuen Jugendrekord auf und sie gewann auch s\u00e4mtliche Bewerbe.<\/p>\n<p style=\"text-align: justify;\">Weiters gewann Markus OBERWINKLER\u00a0 die 100 m, 200 m und 400m\u00a0\u00a0 sowie\u00a0Seppi LACKNER\u00a0 den 5000 m Laufbewerb.<\/p>\n<p style=\"text-align: center;\">\u00a0<a href=\"http:\/\/bsvspittal.liland.at\/wp-content\/uploads\/2012\/08\/leicht1.jpg\"><img loading=\"lazy\" class=\"wp-image-1856 aligncenter\" title=\"leicht1\" src=\"http:\/\/bsvspittal.liland.at\/wp-content\/uploads\/2012\/08\/leicht1.jpg\" alt=\"\" width=\"300\" height=\"225\" srcset=\"http:\/\/bsvspittal.liland.at\/wp-content\/uploads\/2012\/08\/leicht1.jpg 300w, http:\/\/bsvspittal.liland.at\/wp-content\/uploads\/2012\/08\/leicht1-150x112.jpg 150w\" sizes=\"(max-width: 300px) 100vw, 300px\" \/><\/a><\/p>\n<div><\/div>\n<div><\/div>\n<div><\/div>\n<div><\/div>\n<div><\/div>\n<div><\/div>\n<div><\/div>\n<div><\/div>\n<div><\/div>\n<div><\/div>\n<div><\/div>\n<div><\/div>\n<div><\/div>\n<div><strong>\u00d6sterreichische Staatsmeisterschaften Leichtathletik 2012 in Wien-S\u00fcdstadt<\/strong><\/div>\n<p>Vize-Staatsmeistertitel f\u00fcr OBERWINKLER und LACKNER\u00a0bei den \u00f6sterr. Staatsmeisterschaften f\u00fcr Behinderte in der S\u00fcdstadt.<\/p>\n<p>Markus OBERWINKLER und Josef LACKNER, die beide beim Behindertensportverein Spittal\/Drau seit Jahren den Schwimmsport betreiben, haben sich vor 3 Jahren entschlossen, ihr Talent auch in der Leichtathletik unter Beweis zu stellen. Ein gezieltes Lauftraining,\u00a04 Mal in der Woche, sowie Krafttraining im Fitnessraum, sorgten f\u00fcr die erforderliche Grundlagenausdauer. W\u00e4hrend der Freiluftsaison wurde auf der neu errichteten Tartanbahn auf dem Jahn-Turnplatz in Spittal\/Drau trainiert, was eine deutliche Formsteigerung brachte. Josef LACKNER spezialisierte sich auf die Langstrecke und Markus OBERWINKLER auf die Kurzstrecken.<\/p>\n<p>Als Vorbereitung nahm Josef LACKNER bereits an einem Halbmarathon sowie an dem Porcia-Stadtlauf und dem Wasserlauf in Spittal\/Drau teil.<br \/>\nF\u00fcr Markus OBERWINKLER, der in Spittal\/Drau in einer Wohngemeinschaft lebt und in Radenthein einer Besch\u00e4ftigung nachgeht, steht der Laufsport an erster Stelle.<\/p>\n<p>Mit ihrem Trainer Werner STEINDL stellten sie sich am vergangenen Wochenende bei den \u00f6sterr. Staatsmeisterschaften f\u00fcr Behinderte in der S\u00fcdstadt der starken Konkurrenz.<br \/>\nAm 1. Wettkampftag bei 32 Grad im Schatten waren alle Wettk\u00e4mpfer gefordert.<br \/>\nBereist beim 1. Bewerb \u00fcber 100 m belegte Markus OBERWINKLER mit 13,55 sek. den 3. Platz. \u00dcber 400 m wurde er mit einer Zeit von 61,53 sek. Vize-Staatsmeister.<br \/>\nJosef LACKNER bestritt einen tollen und aufregenden Lauf \u00fcber 5000 m und wurde in einer Zeit von 21 min 39,8 sek. Vize-Staatsmeister.<br \/>\nAm 2. Wettkampftag lief Markus OBERWINKLER \u00fcber 200 m eine Zeit von 27,93 sek. und wurde ebenfalls Vize-Staatsmeister.<br \/>\nBeim 800 m Lauf belegte Markus OBERWINKLER den 4. und Josef LACKNER\u00a0den 5. Platz.<\/p>\n<p>Die Erfolge der mental beeintr\u00e4chtigten Sportler k\u00f6nnen sich sehen lassen und sollen zu einer<br \/>\nAufw\u00e4rtsentwicklung der Leichtathletik in Spittal\/Drau beitragen.<\/p>\n<div style=\"width: 310px\" class=\"wp-caption alignright\"><a href=\"http:\/\/bsvspittal.liland.at\/?attachment_id=1928\" rel=\"attachment wp-att-1928\"><img loading=\"lazy\" class=\"size-medium wp-image-1928  \" title=\"Markus Siegerehrung LA 2012 400 m\" src=\"http:\/\/bsvspittal.liland.at\/wp-content\/uploads\/2012\/08\/Markus-Siegerehrung-LA-2012-400-m-300x200.jpg\" alt=\"\" width=\"300\" height=\"200\" srcset=\"http:\/\/bsvspittal.liland.at\/wp-content\/uploads\/2012\/08\/Markus-Siegerehrung-LA-2012-400-m-300x200.jpg 300w, http:\/\/bsvspittal.liland.at\/wp-content\/uploads\/2012\/08\/Markus-Siegerehrung-LA-2012-400-m-150x100.jpg 150w, http:\/\/bsvspittal.liland.at\/wp-content\/uploads\/2012\/08\/Markus-Siegerehrung-LA-2012-400-m.jpg 640w\" sizes=\"(max-width: 300px) 100vw, 300px\" \/><\/a><p class=\"wp-caption-text\">Markus OBERWINKLER, Siegerehrung 400m-Lauf<\/p><\/div>\n<div><\/div>\n<p><a href=\"http:\/\/bsvspittal.liland.at\/wp-content\/uploads\/2012\/08\/leicht2.jpg\"><img loading=\"lazy\" class=\"wp-image-1857 \" style=\"border-style: none; margin: 0px; padding: 0px; -webkit-user-drag: none;\" title=\"leicht2\" src=\"http:\/\/bsvspittal.liland.at\/wp-content\/uploads\/2012\/08\/leicht2.jpg\" alt=\"\" width=\"300\" height=\"201\" srcset=\"http:\/\/bsvspittal.liland.at\/wp-content\/uploads\/2012\/08\/leicht2.jpg 300w, http:\/\/bsvspittal.liland.at\/wp-content\/uploads\/2012\/08\/leicht2-150x100.jpg 150w\" sizes=\"(max-width: 300px) 100vw, 300px\" \/><\/a><\/p>\n<p>&nbsp;<\/p>\n<p>&nbsp;<\/p>\n<p>15. September 2012<\/p>\n<p><strong>11 Sportler<\/strong> unseres Vereines nahmen geschlossen erstmals als G\u00e4ste \u00a0an den <strong>\u00f6sterreichischen Senioren<\/strong> <strong>Meisterschaften<\/strong> f\u00fcr Behinderte in Villach \u00a0&#8211; \u00a0Stadion Lind &#8211; teil. \u00a0Erfreulich war die Teilnahme von \u00a0<strong>5 Jugendlichen<\/strong>. \u00a0Die Leistungen waren hervorragend und die Teilnehmer ernteten besonderes Lob von den Sonioren, die die Bewerbe mit voller Begeisterung verfolgten.<\/p>\n<p>&nbsp;<\/p>\n<p style=\"text-align: center;\"><a href=\"http:\/\/bsvspittal.liland.at\/?attachment_id=1950\" rel=\"attachment wp-att-1950\"><img loading=\"lazy\" class=\"wp-image-1950 aligncenter\" title=\"LA Villach 2012\" src=\"http:\/\/bsvspittal.liland.at\/wp-content\/uploads\/2012\/09\/LA-Villach-2012-1024x577.jpg\" alt=\"\" width=\"502\" height=\"283\" srcset=\"http:\/\/bsvspittal.liland.at\/wp-content\/uploads\/2012\/09\/LA-Villach-2012-1024x577.jpg 1024w, http:\/\/bsvspittal.liland.at\/wp-content\/uploads\/2012\/09\/LA-Villach-2012-150x84.jpg 150w, http:\/\/bsvspittal.liland.at\/wp-content\/uploads\/2012\/09\/LA-Villach-2012-300x169.jpg 300w\" sizes=\"(max-width: 502px) 100vw, 502px\" \/><\/a><\/p>\n","protected":false},"excerpt":{"rendered":"<p>Tiroler Leichtathletikmeisterschaft 2010\u00a0 in Wattens\/Tirol Die Jugendsportwoche im Bundessportheim am Faaker See und das zus\u00e4tzlich zum Schwimmtraining jeden Dienstag durchgef\u00fchrte Leichtathletiktraining tr\u00e4gt Fr\u00fcchte. Als ersten Test nahmen\u00a0 3 mentale\u00a0 Sportler des BSV Spittal\/Drau,\u00a0 die Jugendliche Caroline HERMANN und die in der allgemeinen Klasse startenden Seppi\u00a0 LACKNER und Markus\u00a0 OBERWINKLER,\u00a0\u00a0 in der G\u00e4steklasse an den Tiroler [&hellip;]<\/p>\n","protected":false},"author":1,"featured_media":0,"parent":0,"menu_order":4,"comment_status":"closed","ping_status":"closed","template":"page-full.php","meta":[],"_links":{"self":[{"href":"https:\/\/bsvspittal.liland.at\/index.php?rest_route=\/wp\/v2\/pages\/1771"}],"collection":[{"href":"https:\/\/bsvspittal.liland.at\/index.php?rest_route=\/wp\/v2\/pages"}],"about":[{"href":"https:\/\/bsvspittal.liland.at\/index.php?rest_route=\/wp\/v2\/types\/page"}],"author":[{"embeddable":true,"href":"https:\/\/bsvspittal.liland.at\/index.php?rest_route=\/wp\/v2\/users\/1"}],"replies":[{"embeddable":true,"href":"https:\/\/bsvspittal.liland.at\/index.php?rest_route=%2Fwp%2Fv2%2Fcomments&post=1771"}],"version-history":[{"count":18,"href":"https:\/\/bsvspittal.liland.at\/index.php?rest_route=\/wp\/v2\/pages\/1771\/revisions"}],"predecessor-version":[{"id":1858,"href":"https:\/\/bsvspittal.liland.at\/index.php?rest_route=\/wp\/v2\/pages\/1771\/revisions\/1858"}],"wp:attachment":[{"href":"https:\/\/bsvspittal.liland.at\/index.php?rest_route=%2Fwp%2Fv2%2Fmedia&parent=1771"}],"curies":[{"name":"wp","href":"https:\/\/api.w.org\/{rel}","templated":true}]}}