{"id":1773,"date":"2012-08-13T15:50:23","date_gmt":"2012-08-13T13:50:23","guid":{"rendered":"http:\/\/bsvspittal.liland.at\/?page_id=1773"},"modified":"2012-09-15T18:26:30","modified_gmt":"2012-09-15T16:26:30","slug":"schwimmen","status":"publish","type":"page","link":"https:\/\/bsvspittal.liland.at\/?page_id=1773","title":{"rendered":"Schwimmen"},"content":{"rendered":"<p><a href=\"http:\/\/bsvspittal.liland.at\/?attachment_id=1942\" rel=\"attachment wp-att-1942\"><br \/>\n<img loading=\"lazy\" class=\"alignright size-thumbnail wp-image-1942\" title=\"Werner STEINDL\" src=\"http:\/\/bsvspittal.liland.at\/wp-content\/uploads\/2012\/09\/Werner-99x150.jpg\" alt=\"\" width=\"99\" height=\"150\" srcset=\"http:\/\/bsvspittal.liland.at\/wp-content\/uploads\/2012\/09\/Werner-99x150.jpg 99w, http:\/\/bsvspittal.liland.at\/wp-content\/uploads\/2012\/09\/Werner-199x300.jpg 199w, http:\/\/bsvspittal.liland.at\/wp-content\/uploads\/2012\/09\/Werner.jpg 300w\" sizes=\"(max-width: 99px) 100vw, 99px\" \/><\/a><strong>1987<\/strong> \u00fcbernahm Werner STEINDL vorerst mit f\u00fcnf Schwimmern das Schwimmen im Verein und es wurde ein gezieltes und regelm\u00e4\u00dfiges Training aufgebaut.<\/p>\n<p><strong>1988<\/strong>\u00a0nahmen erstmals sechs Schwimmer an den \u00f6sterreichischen Meisterschaften in Salzburg teil. Zu dieser Zeit trainierten im Verein nur k\u00f6rperbehinderte Schwimmer.<\/p>\n<p><strong>1989<\/strong>\u00a0veranstaltete der Verein das erste Mal die 38. \u00f6sterreichischen Meisterschaften f\u00fcr Versehrte in Spittal\/Drau.<\/p>\n<p><strong>1990<\/strong>\u00a0konnte als zweite Trainerin Hanni GLANZNIG f\u00fcr den Verein gewonnen werden. Die Jugendarbeit wurde forciert und es entwickelte sich eine rasche Zunahme der Vereinsmitglieder.<\/p>\n<div><span style=\"color: #0000ee;\"><img loading=\"lazy\" class=\"size-medium wp-image-1940 alignright\" style=\"color: #333333;\" title=\"Schwimmtraining\" src=\"http:\/\/bsvspittal.liland.at\/wp-content\/uploads\/2012\/08\/Schwimmtraining-300x200.jpg\" alt=\"\" width=\"300\" height=\"200\" srcset=\"http:\/\/bsvspittal.liland.at\/wp-content\/uploads\/2012\/08\/Schwimmtraining-300x200.jpg 300w, http:\/\/bsvspittal.liland.at\/wp-content\/uploads\/2012\/08\/Schwimmtraining-150x100.jpg 150w, http:\/\/bsvspittal.liland.at\/wp-content\/uploads\/2012\/08\/Schwimmtraining.jpg 600w\" sizes=\"(max-width: 300px) 100vw, 300px\" \/><\/span><\/div>\n<div>Seit\u00a0<strong>1991<\/strong>\u00a0veranstaltet der BSV Spittal\/Drau<\/div>\n<div>\u00a0j\u00e4hrlich im April oder Mai das internationale ALPEN ADRIA Schwimm Meeting im\u00a0Hallenbad Spittal\/Drau.<\/div>\n<div><\/div>\n<div>Seit\u00a0<strong>1993<\/strong>\u00a0werden auch mental behinderte Schwimmer in den Verein aufgenommen.<\/div>\n<div>\n<div><\/div>\n<div>Die Integration gelingt\u00a0ausgezeichnet.<\/div>\n<div><\/div>\n<div>Eine \u00f6sterreichweit ausgeschriebene Schwimmwoche wurde eingef\u00fchrt. Die j\u00e4hrlich durchgef\u00fchrte Schwimmwoche wird vor dem internationalen ALPEN ADRIA Schwimm-Meeting als Vorbereitung f\u00fcr den Wettkampf geplant und von den Behindertensportlern mit Freude angenommen.<\/div>\n<div>\n<p>&nbsp;<\/p>\n<p><strong>JUGENDARBEIT im Verein<\/strong><\/p>\n<div><a href=\"http:\/\/bsvspittal.liland.at\/?attachment_id=1945\" rel=\"attachment wp-att-1945\"><img loading=\"lazy\" class=\"alignright size-medium wp-image-1945\" title=\"Hanni GLANZNIG bei der Jugendarbeit\" src=\"http:\/\/bsvspittal.liland.at\/wp-content\/uploads\/2012\/09\/Hanni_Jugendarbeit-300x225.jpg\" alt=\"\" width=\"300\" height=\"225\" srcset=\"http:\/\/bsvspittal.liland.at\/wp-content\/uploads\/2012\/09\/Hanni_Jugendarbeit-300x225.jpg 300w, http:\/\/bsvspittal.liland.at\/wp-content\/uploads\/2012\/09\/Hanni_Jugendarbeit-150x112.jpg 150w, http:\/\/bsvspittal.liland.at\/wp-content\/uploads\/2012\/09\/Hanni_Jugendarbeit.jpg 600w\" sizes=\"(max-width: 300px) 100vw, 300px\" \/><\/a>Die Sportlehrerin Hanni GLANZNIG\u00a0holt sich immer wieder Talente aus der Sonderschule und der Sporthauptschule Spittal\/Drau. Mit 15 Kindern und Jugendlichen ist der Verein Stolz auf die gute Nachwuchsarbeit.<\/div>\n<\/div>\n<div>\n<p><strong>Jugendarbeit in der Drautal Perle<\/strong><\/p>\n<p>Das neue Hallenbad &#8222;Drautal Perle&#8220; wurde im November 2008 er\u00f6ffnet. Tolle Trainingsbedingungen, ein eigener Trainingskanal und ein Wasserlift f\u00fcr Rollstuhlfahrer, erleichtern die Arbeit.<\/p>\n<p>Die Kinder f\u00fchlen sich bei der Wassergew\u00f6hnung und beim Erlernen der verschiedenen Schwimmstile sichtlich wohl.<\/p>\n<\/div>\n<\/div>\n","protected":false},"excerpt":{"rendered":"<p>1987 \u00fcbernahm Werner STEINDL vorerst mit f\u00fcnf Schwimmern das Schwimmen im Verein und es wurde ein gezieltes und regelm\u00e4\u00dfiges Training aufgebaut. 1988\u00a0nahmen erstmals sechs Schwimmer an den \u00f6sterreichischen Meisterschaften in Salzburg teil. Zu dieser Zeit trainierten im Verein nur k\u00f6rperbehinderte Schwimmer. 1989\u00a0veranstaltete der Verein das erste Mal die 38. \u00f6sterreichischen Meisterschaften f\u00fcr Versehrte in Spittal\/Drau. [&hellip;]<\/p>\n","protected":false},"author":1,"featured_media":1940,"parent":0,"menu_order":5,"comment_status":"open","ping_status":"open","template":"page-full.php","meta":[],"_links":{"self":[{"href":"https:\/\/bsvspittal.liland.at\/index.php?rest_route=\/wp\/v2\/pages\/1773"}],"collection":[{"href":"https:\/\/bsvspittal.liland.at\/index.php?rest_route=\/wp\/v2\/pages"}],"about":[{"href":"https:\/\/bsvspittal.liland.at\/index.php?rest_route=\/wp\/v2\/types\/page"}],"author":[{"embeddable":true,"href":"https:\/\/bsvspittal.liland.at\/index.php?rest_route=\/wp\/v2\/users\/1"}],"replies":[{"embeddable":true,"href":"https:\/\/bsvspittal.liland.at\/index.php?rest_route=%2Fwp%2Fv2%2Fcomments&post=1773"}],"version-history":[{"count":5,"href":"https:\/\/bsvspittal.liland.at\/index.php?rest_route=\/wp\/v2\/pages\/1773\/revisions"}],"predecessor-version":[{"id":1946,"href":"https:\/\/bsvspittal.liland.at\/index.php?rest_route=\/wp\/v2\/pages\/1773\/revisions\/1946"}],"wp:featuredmedia":[{"embeddable":true,"href":"https:\/\/bsvspittal.liland.at\/index.php?rest_route=\/wp\/v2\/media\/1940"}],"wp:attachment":[{"href":"https:\/\/bsvspittal.liland.at\/index.php?rest_route=%2Fwp%2Fv2%2Fmedia&parent=1773"}],"curies":[{"name":"wp","href":"https:\/\/api.w.org\/{rel}","templated":true}]}}