{"id":1788,"date":"2012-08-14T11:17:06","date_gmt":"2012-08-14T09:17:06","guid":{"rendered":"http:\/\/bsvspittal.liland.at\/?page_id=1788"},"modified":"2016-03-29T09:34:36","modified_gmt":"2016-03-29T07:34:36","slug":"willkommen","status":"publish","type":"page","link":"https:\/\/bsvspittal.liland.at\/","title":{"rendered":"Home"},"content":{"rendered":"<p style=\"text-align: center;\"><a href=\"http:\/\/bsvspittal.liland.at\/wp-content\/uploads\/2012\/08\/home2.png\"><img loading=\"lazy\" class=\"aligncenter size-full wp-image-2024\" title=\"home2\" src=\"http:\/\/bsvspittal.liland.at\/wp-content\/uploads\/2012\/08\/home2.png\" alt=\"\" width=\"851\" height=\"196\" srcset=\"http:\/\/bsvspittal.liland.at\/wp-content\/uploads\/2012\/08\/home2.png 851w, http:\/\/bsvspittal.liland.at\/wp-content\/uploads\/2012\/08\/home2-150x34.png 150w, http:\/\/bsvspittal.liland.at\/wp-content\/uploads\/2012\/08\/home2-300x69.png 300w\" sizes=\"(max-width: 851px) 100vw, 851px\" \/><\/a><\/p>\n<div class='one_half'>\r\n\t\t\t\t\t<h2 align=\"center\"><span style=\"font-size: medium;\"><strong><span style=\"text-decoration: underline;\">Behindertensportverein Spittal\/Drau<\/span><\/strong> <\/span><\/h2>\n<p align=\"center\"><span style=\"font-size: medium;\">Ich freue mich, Euch auf den folgenden Seiten regelm\u00e4\u00dfig mit Informationen \u00fcber den BSV\u00a0 Spittal\/Drau versorgen zu k\u00f6nnen.<\/span><\/p>\n<p align=\"center\"><span style=\"font-size: medium;\">Euer\u00a0 Trainer\u00a0 Werner\u00a0 STEINDL<\/span><\/p>\r\n\t\t\t\t<\/div><div class='one_half last'>\r\n\t\t\t\t\t<p>&nbsp;<\/p>\n<p>&nbsp;<\/p>\r\n\t\t\t\t<\/div><div class='clear'><\/div><\/p>\n<p>&nbsp;<\/p>\n<p>&nbsp;<\/p>\n<h1 style=\"text-align: center;\"><strong>Neueste Eintr\u00e4ge:<\/strong><\/h1>\n<p>&nbsp;<\/p>\n","protected":false},"excerpt":{"rendered":"<p>\u00a0 &nbsp; &nbsp; Neueste Eintr\u00e4ge: &nbsp;<\/p>\n","protected":false},"author":1,"featured_media":0,"parent":0,"menu_order":0,"comment_status":"closed","ping_status":"closed","template":"page-blog.php","meta":[],"_links":{"self":[{"href":"https:\/\/bsvspittal.liland.at\/index.php?rest_route=\/wp\/v2\/pages\/1788"}],"collection":[{"href":"https:\/\/bsvspittal.liland.at\/index.php?rest_route=\/wp\/v2\/pages"}],"about":[{"href":"https:\/\/bsvspittal.liland.at\/index.php?rest_route=\/wp\/v2\/types\/page"}],"author":[{"embeddable":true,"href":"https:\/\/bsvspittal.liland.at\/index.php?rest_route=\/wp\/v2\/users\/1"}],"replies":[{"embeddable":true,"href":"https:\/\/bsvspittal.liland.at\/index.php?rest_route=%2Fwp%2Fv2%2Fcomments&post=1788"}],"version-history":[{"count":31,"href":"https:\/\/bsvspittal.liland.at\/index.php?rest_route=\/wp\/v2\/pages\/1788\/revisions"}],"predecessor-version":[{"id":2790,"href":"https:\/\/bsvspittal.liland.at\/index.php?rest_route=\/wp\/v2\/pages\/1788\/revisions\/2790"}],"wp:attachment":[{"href":"https:\/\/bsvspittal.liland.at\/index.php?rest_route=%2Fwp%2Fv2%2Fmedia&parent=1788"}],"curies":[{"name":"wp","href":"https:\/\/api.w.org\/{rel}","templated":true}]}}