{"id":1799,"date":"2012-08-14T11:58:52","date_gmt":"2012-08-14T09:58:52","guid":{"rendered":"http:\/\/bsvspittal.liland.at\/?page_id=1799"},"modified":"2018-02-03T18:51:27","modified_gmt":"2018-02-03T17:51:27","slug":"trainigsort-und-trainingszeiten","status":"publish","type":"page","link":"https:\/\/bsvspittal.liland.at\/?page_id=1799","title":{"rendered":"Trainigsort und Trainingszeiten"},"content":{"rendered":"<p align=\"center\"><span style=\"font-size: small;\"><strong><span style=\"text-decoration: underline;\"><br \/>\nT r a i n i n g s z e i t e n\u00a0 &#8211;\u00a0\u00a0 SCHWIMMEN<\/span><\/strong><\/span><\/p>\n<p align=\"center\"><strong><span style=\"text-decoration: underline;\"><span style=\"font-size: small;\">Hallenbad Spittal\/Drau<\/span><\/span><\/strong><\/p>\n<p align=\"center\"><strong><span style=\"text-decoration: underline;\"><span style=\"font-size: small;\">Drautal Perle<\/span><\/span><\/strong><\/p>\n<p align=\"center\"><span style=\"font-size: small;\">Jeden Dienstag von 17.00 bis 18.30 Uhr\u00a0 f\u00fcr die Sch\u00fcler und Jugendliche<\/span><\/p>\n<p align=\"center\"><span style=\"font-size: small;\">F\u00fcr alle Mitglieder des Vereines jeden Donnerstag<\/span><\/p>\n<p align=\"center\"><span style=\"font-size: small;\">von 17.00 &#8211; 18.00 Uhr\u00a0 f\u00fcr Kinder und Anf\u00e4nger<\/span><\/p>\n<p align=\"center\"><span style=\"font-size: small;\">von\u00a0 18.00 &#8211; 19.30\u00a0 Uhr\u00a0 f\u00fcr die Wettkampfschwimmer<\/span><\/p>\n<p>&nbsp;<\/p>\n<p align=\"center\"><span style=\"font-size: small;\">Anmeldung bei Hanni GLANZNIG TelNr. 0699 13313303<\/span><\/p>\n<p style=\"text-align: center;\" align=\"center\">\n<p>Jede Woche Donnerstag wird das Hallenbad Drautalperle ein Ort der ganz besonderen Begegnung. Kinder, Jugendliche sowie teilweise Erwachsene mit k\u00f6rperlichen bzw. geistigen Handicaps treffen sich um 17 Uhr zum w\u00f6chentlichen Schwimmtraining. Viele SchwimmerInnen werden von ihren Eltern regelm\u00e4\u00dfig zu den Schwimmtrainigseinheiten gebracht, andere wiederum durch ihre Betreuungspersonen (Kinderheim Seebach, Lebenshilfe beispielsweise). Nach dem Anziehen der Badesachen bleibt immer noch Zeit f\u00fcr eine liebevolle Begr\u00fc\u00dfung der SchwimmerInnen mit dem Trainer- sowie Betreuerteam. Eine Begegung auf Beziehungsebene ist f\u00fcr ein gut gelingendes Training einfach unerl\u00e4sslich! Dann geht es zun\u00e4chst an das Aufw\u00e4rmschwimmen, bevor es zum speziellen Training kommt. Je nach Grad der Beeintr\u00e4chtigung, des K\u00f6nnens sowie der psychischen Verfassung wird das Trainingsprogramm jede Woche neu auf jeden einzelnen Schwimmer abgestimmt. Unter der fachlich kompetenten Anleitung von Hanni Glanznig und Werner Steindl lernen die Schwimmer ihre Schwimmtechnik, Fehler in der Technik werden besprochen und ausgebessert, Starts und Wenden werden trainiert, Taktiken f\u00fcr bevorstehende Wettk\u00e4mpfe erarbeitet. Alle SchwimmerInnen freuen sich \u00fcber guten Zuspruch und Lob, hin und wieder kann es vorkommen, dass sie von ihren Bezugspersonen besonders motiviert werden wollen, damit sie ein gutes Training machen k\u00f6nnen.<br \/>\nDas Schwimmtraining dauert zwischen zwei- und zweieinhalb Stunden. Nach getaner Arbeit ist dieser Donnerstag jedoch f\u00fcr alle Beteiligten des Schwimmvereines nicht vorbei, denn beinahe alle treffen sich nach dem Training noch im Restaurant der Drautalperle, um dort gem\u00fctlich bei einem gemeinsamen Getr\u00e4nk oder Essen noch zusammenzusitzen. Gerade bei diesem Teil des Trainings wird die Bindung zwischen SchwimmerInnen und Trainer\/ Betreuer intensiviert. So viel sei noch gesagt: das Strahlen in den Augen und das gl\u00fcckliche L\u00e4cheln auf den Lippen der SchwimmerInnen entsch\u00e4digt f\u00fcr so manches herausfordernde Training!<\/p>\n<p style=\"text-align: center;\" align=\"center\"><a href=\"http:\/\/bsvspittal.liland.at\/wp-content\/uploads\/2012\/08\/training1.jpg\"><br \/>\n<\/a><strong style=\"color: #333333; font-size: small;\"><a href=\"http:\/\/bsvspittal.liland.at\/?attachment_id=1948\" rel=\"attachment wp-att-1948\"><br \/>\n<\/a><\/strong><img loading=\"lazy\" class=\"aligncenter size-full wp-image-1800\" title=\"training1\" src=\"http:\/\/bsvspittal.liland.at\/wp-content\/uploads\/2012\/08\/training1.jpg\" alt=\"\" width=\"600\" height=\"450\" srcset=\"http:\/\/bsvspittal.liland.at\/wp-content\/uploads\/2012\/08\/training1.jpg 600w, http:\/\/bsvspittal.liland.at\/wp-content\/uploads\/2012\/08\/training1-150x112.jpg 150w, http:\/\/bsvspittal.liland.at\/wp-content\/uploads\/2012\/08\/training1-300x225.jpg 300w\" sizes=\"(max-width: 600px) 100vw, 600px\" \/><\/p>\n<p style=\"text-align: center;\" align=\"center\"><a href=\"http:\/\/bsvspittal.liland.at\/wp-content\/uploads\/2012\/08\/training2.jpg\"><img loading=\"lazy\" class=\"aligncenter wp-image-1801\" title=\"training2\" src=\"http:\/\/bsvspittal.liland.at\/wp-content\/uploads\/2012\/08\/training2.jpg\" alt=\"\" width=\"600\" height=\"399\" srcset=\"http:\/\/bsvspittal.liland.at\/wp-content\/uploads\/2012\/08\/training2.jpg 600w, http:\/\/bsvspittal.liland.at\/wp-content\/uploads\/2012\/08\/training2-150x99.jpg 150w, http:\/\/bsvspittal.liland.at\/wp-content\/uploads\/2012\/08\/training2-300x199.jpg 300w\" sizes=\"(max-width: 600px) 100vw, 600px\" \/><\/a><\/p>\n<div><strong style=\"font-size: small;\"><a href=\"http:\/\/bsvspittal.liland.at\/?attachment_id=1948\" rel=\"attachment wp-att-1948\"><img loading=\"lazy\" class=\"alignleft size-medium wp-image-1948\" title=\"Jugend 2012\" src=\"http:\/\/bsvspittal.liland.at\/wp-content\/uploads\/2012\/09\/Jugend-2012-300x207.jpg\" alt=\"\" width=\"300\" height=\"207\" srcset=\"http:\/\/bsvspittal.liland.at\/wp-content\/uploads\/2012\/09\/Jugend-2012-300x207.jpg 300w, http:\/\/bsvspittal.liland.at\/wp-content\/uploads\/2012\/09\/Jugend-2012-150x103.jpg 150w, http:\/\/bsvspittal.liland.at\/wp-content\/uploads\/2012\/09\/Jugend-2012-1024x706.jpg 1024w, http:\/\/bsvspittal.liland.at\/wp-content\/uploads\/2012\/09\/Jugend-2012.jpg 1772w\" sizes=\"(max-width: 300px) 100vw, 300px\" \/><\/a><\/strong><a href=\"http:\/\/bsvspittal.liland.at\/wp-content\/uploads\/2012\/08\/training2.jpg\"><br \/>\n<\/a><img loading=\"lazy\" class=\"alignright size-medium wp-image-1947\" title=\"Schwimmer 2012\" src=\"http:\/\/bsvspittal.liland.at\/wp-content\/uploads\/2012\/09\/Schwimmer-2012-300x165.jpg\" alt=\"\" width=\"300\" height=\"165\" srcset=\"http:\/\/bsvspittal.liland.at\/wp-content\/uploads\/2012\/09\/Schwimmer-2012-300x165.jpg 300w, http:\/\/bsvspittal.liland.at\/wp-content\/uploads\/2012\/09\/Schwimmer-2012-150x82.jpg 150w, http:\/\/bsvspittal.liland.at\/wp-content\/uploads\/2012\/09\/Schwimmer-2012-1024x566.jpg 1024w, http:\/\/bsvspittal.liland.at\/wp-content\/uploads\/2012\/09\/Schwimmer-2012.jpg 1772w\" sizes=\"(max-width: 300px) 100vw, 300px\" \/><\/div>\n","protected":false},"excerpt":{"rendered":"<p>T r a i n i n g s z e i t e n\u00a0 &#8211;\u00a0\u00a0 SCHWIMMEN Hallenbad Spittal\/Drau Drautal Perle Jeden Dienstag von 17.00 bis 18.30 Uhr\u00a0 f\u00fcr die Sch\u00fcler und Jugendliche F\u00fcr alle Mitglieder des Vereines jeden Donnerstag von 17.00 &#8211; 18.00 Uhr\u00a0 f\u00fcr Kinder und Anf\u00e4nger von\u00a0 18.00 &#8211; 19.30\u00a0 Uhr\u00a0 f\u00fcr [&hellip;]<\/p>\n","protected":false},"author":1,"featured_media":0,"parent":1769,"menu_order":0,"comment_status":"open","ping_status":"open","template":"page-full.php","meta":[],"_links":{"self":[{"href":"https:\/\/bsvspittal.liland.at\/index.php?rest_route=\/wp\/v2\/pages\/1799"}],"collection":[{"href":"https:\/\/bsvspittal.liland.at\/index.php?rest_route=\/wp\/v2\/pages"}],"about":[{"href":"https:\/\/bsvspittal.liland.at\/index.php?rest_route=\/wp\/v2\/types\/page"}],"author":[{"embeddable":true,"href":"https:\/\/bsvspittal.liland.at\/index.php?rest_route=\/wp\/v2\/users\/1"}],"replies":[{"embeddable":true,"href":"https:\/\/bsvspittal.liland.at\/index.php?rest_route=%2Fwp%2Fv2%2Fcomments&post=1799"}],"version-history":[{"count":6,"href":"https:\/\/bsvspittal.liland.at\/index.php?rest_route=\/wp\/v2\/pages\/1799\/revisions"}],"predecessor-version":[{"id":2928,"href":"https:\/\/bsvspittal.liland.at\/index.php?rest_route=\/wp\/v2\/pages\/1799\/revisions\/2928"}],"up":[{"embeddable":true,"href":"https:\/\/bsvspittal.liland.at\/index.php?rest_route=\/wp\/v2\/pages\/1769"}],"wp:attachment":[{"href":"https:\/\/bsvspittal.liland.at\/index.php?rest_route=%2Fwp%2Fv2%2Fmedia&parent=1799"}],"curies":[{"name":"wp","href":"https:\/\/api.w.org\/{rel}","templated":true}]}}