{"id":2516,"date":"2014-01-08T21:03:55","date_gmt":"2014-01-08T20:03:55","guid":{"rendered":"http:\/\/bsvspittal.liland.at\/?page_id=2516"},"modified":"2021-04-07T10:55:22","modified_gmt":"2021-04-07T08:55:22","slug":"termine-fuer-das-jahr-2020","status":"publish","type":"page","link":"https:\/\/bsvspittal.liland.at\/?page_id=2516","title":{"rendered":"Termine 2020"},"content":{"rendered":"<h5><strong>Termine 2020 Schwimmen<\/strong><\/h5>\n<ul>\n<li>7. 3.2020 Salzburger Landesmeisterschaften 2020 in Rif&nbsp;&nbsp; mit \u00d6BSV-Cup<\/li>\n<li>9.5.\u2013 10.05.2020 \u00d6sterreichische Staatsmeisterschaften 2020&nbsp; in Dornbirn mit \u00d6BSV-Cup <strong>Anreise nach Dornbirn am 8. Mai 2020\n<\/strong><p><strong>Achtung neuer Termin f\u00fcr die \u00f6sterrreichischen Staatsmeisterschaften 2020 wegen der Corona Krise!!!<br>7. und 8. November 2020 in Dornbirn!&nbsp; !!!<\/strong><\/p><\/li>\n<\/ul>\n<ul>\n<li>3.7. 2020 Tiroler Landesmeisterschaften 2020 in Lienz&nbsp; mit&nbsp; \u00d6BSV-Cup<\/li>\n<\/ul>\n<ul>\n<li>3.10.2020 \u00d6BM + \u00d6JM 2020&nbsp;&nbsp; mit&nbsp; \u00d6BSV-Cup in Stockerau<\/li>\n<\/ul>\n<h5>Termine 2020 Leichtathletik<\/h5>\n\n\n<ul><li> Im Juni 2020 K\u00e4rntner Special Olympics Landesmeisterschaften in Klagenfurt  <\/li><li>01. \u2013 02.08.2020 \u00d6sterreichische Staatsmeisterschaften 2020 in Klagenfurt<\/li><li>16. \u2013 22.08.2020 Jugendsportwoche 2020 in Faak am See<\/li><\/ul>\n","protected":false},"excerpt":{"rendered":"<p>Termine 2020 Schwimmen 7. 3.2020 Salzburger Landesmeisterschaften 2020 in Rif&nbsp;&nbsp; mit \u00d6BSV-Cup 9.5.\u2013 10.05.2020 \u00d6sterreichische Staatsmeisterschaften 2020&nbsp; in Dornbirn mit \u00d6BSV-Cup Anreise nach Dornbirn am 8. Mai 2020 Achtung neuer Termin f\u00fcr die \u00f6sterrreichischen Staatsmeisterschaften 2020 wegen der Corona Krise!!!7. und 8. November 2020 in Dornbirn!&nbsp; !!! 3.7. 2020 Tiroler Landesmeisterschaften 2020 in Lienz&nbsp; mit&nbsp; [&hellip;]<\/p>\n","protected":false},"author":4,"featured_media":0,"parent":0,"menu_order":0,"comment_status":"open","ping_status":"open","template":"","meta":[],"_links":{"self":[{"href":"https:\/\/bsvspittal.liland.at\/index.php?rest_route=\/wp\/v2\/pages\/2516"}],"collection":[{"href":"https:\/\/bsvspittal.liland.at\/index.php?rest_route=\/wp\/v2\/pages"}],"about":[{"href":"https:\/\/bsvspittal.liland.at\/index.php?rest_route=\/wp\/v2\/types\/page"}],"author":[{"embeddable":true,"href":"https:\/\/bsvspittal.liland.at\/index.php?rest_route=\/wp\/v2\/users\/4"}],"replies":[{"embeddable":true,"href":"https:\/\/bsvspittal.liland.at\/index.php?rest_route=%2Fwp%2Fv2%2Fcomments&post=2516"}],"version-history":[{"count":40,"href":"https:\/\/bsvspittal.liland.at\/index.php?rest_route=\/wp\/v2\/pages\/2516\/revisions"}],"predecessor-version":[{"id":3259,"href":"https:\/\/bsvspittal.liland.at\/index.php?rest_route=\/wp\/v2\/pages\/2516\/revisions\/3259"}],"wp:attachment":[{"href":"https:\/\/bsvspittal.liland.at\/index.php?rest_route=%2Fwp%2Fv2%2Fmedia&parent=2516"}],"curies":[{"name":"wp","href":"https:\/\/api.w.org\/{rel}","templated":true}]}}